{"id":27,"date":"2025-04-08T15:24:53","date_gmt":"2025-04-08T13:24:53","guid":{"rendered":"https:\/\/eclat-co.cnita.fr\/?page_id=27"},"modified":"2025-04-14T16:54:42","modified_gmt":"2025-04-14T14:54:42","slug":"eclat-co-2","status":"publish","type":"page","link":"https:\/\/eclat-co.cnita.fr\/","title":{"rendered":"ECLAT &amp; CO"},"content":{"rendered":"\n<div class=\"wp-block-cover alignfull is-light\" style=\"min-height:100vh;aspect-ratio:unset;\"><span aria-hidden=\"true\" class=\"wp-block-cover__background has-contrast-background-color has-background-dim-0 has-background-dim\"><\/span><img loading=\"lazy\" decoding=\"async\" width=\"1058\" height=\"616\" class=\"wp-block-cover__image-background wp-image-34\" alt=\"\" src=\"https:\/\/eclat-co.cnita.fr\/wp-content\/uploads\/2025\/04\/Capture-decran-2025-04-08-155313.png\" data-object-fit=\"cover\" srcset=\"https:\/\/eclat-co.cnita.fr\/wp-content\/uploads\/2025\/04\/Capture-decran-2025-04-08-155313.png 1058w, https:\/\/eclat-co.cnita.fr\/wp-content\/uploads\/2025\/04\/Capture-decran-2025-04-08-155313-300x175.png 300w, https:\/\/eclat-co.cnita.fr\/wp-content\/uploads\/2025\/04\/Capture-decran-2025-04-08-155313-1024x596.png 1024w, https:\/\/eclat-co.cnita.fr\/wp-content\/uploads\/2025\/04\/Capture-decran-2025-04-08-155313-768x447.png 768w\" sizes=\"auto, (max-width: 1058px) 100vw, 1058px\" \/><div class=\"wp-block-cover__inner-container has-global-padding is-layout-constrained wp-container-core-cover-is-layout-c8431ee3 wp-block-cover-is-layout-constrained\">\n<h2 class=\"wp-block-heading has-text-align-center\" style=\"font-size:clamp(2.629rem, 2.629rem + ((1vw - 0.2rem) * 4.311), 5rem);font-style:normal;font-weight:500;text-transform:uppercase\">Collection <\/h2>\n\n\n\n<p class=\"has-text-align-center has-text-color has-link-color has-large-font-size wp-elements-75952bbd5877f01fba47f753b71920da\" style=\"color:#f2b441\">printemps<\/p>\n\n\n\n<p class=\"has-text-align-center\"><\/p>\n\n\n\n<div class=\"wp-block-buttons is-content-justification-center is-layout-flex wp-container-core-buttons-is-layout-f9602b72 wp-block-buttons-is-layout-flex\" style=\"margin-top:2.01rem;margin-bottom:2.01rem\">\n<div class=\"wp-block-button has-custom-font-size is-style-fill\" style=\"font-size:clamp(0.875rem, 0.875rem + ((1vw - 0.2rem) * 0.464), 1.13rem);font-style:normal;font-weight:300;letter-spacing:2px;text-transform:uppercase\"><a class=\"wp-block-button__link has-text-color has-background has-link-color wp-element-button\" style=\"border-radius:0px;color:#090909;background-color:#fafafadb;padding-top:9px;padding-right:40px;padding-bottom:9px;padding-left:40px\"><strong>decouvri<\/strong><\/a><\/div>\n<\/div>\n\n\n\n<div style=\"height:231px\" aria-hidden=\"true\" class=\"wp-block-spacer\"><\/div>\n<\/div><\/div>\n\n\n\n<p><br><\/p>\n\n\n\n<div class=\"wp-block-cover alignfull is-light\" style=\"padding-top:3.51rem;padding-right:0px;padding-bottom:2.01rem;padding-left:0px\"><span aria-hidden=\"true\" class=\"wp-block-cover__background has-background-dim-100 has-background-dim\" style=\"background-color:#fff3ea\"><\/span><div class=\"wp-block-cover__inner-container is-layout-flow wp-block-cover-is-layout-flow\">\n<div class=\"wp-block-group alignfull is-layout-flow wp-block-group-is-layout-flow\" style=\"margin-top:0px;margin-bottom:0px;padding-top:0rem;padding-right:1px;padding-bottom:2.01rem;padding-left:1px\">\n<div class=\"wp-block-columns alignfull is-layout-flex wp-container-core-columns-is-layout-35290b6f wp-block-columns-is-layout-flex\" style=\"padding-top:0rem\">\n<div class=\"wp-block-column is-layout-flow wp-block-column-is-layout-flow\" style=\"padding-top:1rem;padding-right:0rem;padding-bottom:1rem;padding-left:0rem\">\n<div class=\"wp-block-cover is-light\" style=\"padding-right:0.51rem;padding-left:0.51rem;min-height:390px;aspect-ratio:unset;\"><span aria-hidden=\"true\" class=\"wp-block-cover__background has-background-dim-0 has-background-dim\" style=\"background-color:#e9e9e9\"><\/span><img loading=\"lazy\" decoding=\"async\" width=\"2070\" height=\"1380\" class=\"wp-block-cover__image-background wp-image-36\" alt=\"\" src=\"https:\/\/eclat-co.cnita.fr\/wp-content\/uploads\/2025\/04\/photo-1591209627710-d2427565a41f.avif\" data-object-fit=\"cover\"\/><div class=\"wp-block-cover__inner-container has-global-padding is-layout-constrained wp-container-core-cover-is-layout-1a3bd245 wp-block-cover-is-layout-constrained\">\n<h3 class=\"wp-block-heading has-text-align-center has-text-color\" style=\"color:#151515;font-size:clamp(1.507rem, 1.507rem + ((1vw - 0.2rem) * 1.824), 2.51rem);\">Bagues<\/h3>\n\n\n\n<p class=\"has-text-align-center\">hip<\/p>\n<\/div><\/div>\n<\/div>\n\n\n\n<div class=\"wp-block-column is-layout-flow wp-block-column-is-layout-flow\" style=\"padding-top:1rem;padding-right:0rem;padding-bottom:1rem;padding-left:0rem\">\n<div class=\"wp-block-cover is-light\" style=\"padding-right:0.51rem;padding-left:0.51rem;min-height:390px;aspect-ratio:unset;\"><span aria-hidden=\"true\" class=\"wp-block-cover__background has-background-dim-0 has-background-dim\" style=\"background-color:#c7c4c5\"><\/span><img loading=\"lazy\" decoding=\"async\" width=\"500\" height=\"750\" class=\"wp-block-cover__image-background wp-image-39\" alt=\"\" src=\"https:\/\/eclat-co.cnita.fr\/wp-content\/uploads\/2025\/04\/premium_photo-1681276169450-4504a2442173-1.avif\" data-object-fit=\"cover\"\/><div class=\"wp-block-cover__inner-container has-global-padding is-layout-constrained wp-container-core-cover-is-layout-1a3bd245 wp-block-cover-is-layout-constrained\">\n<h3 class=\"wp-block-heading has-text-align-center has-text-color\" style=\"color:#060606;font-size:clamp(1.507rem, 1.507rem + ((1vw - 0.2rem) * 1.824), 2.51rem);\">bracelets<\/h3>\n<\/div><\/div>\n<\/div>\n\n\n\n<div class=\"wp-block-column is-layout-flow wp-block-column-is-layout-flow\" style=\"padding-top:1rem;padding-right:0rem;padding-bottom:1rem;padding-left:0rem\">\n<div class=\"wp-block-cover is-light\" style=\"padding-right:0.51rem;padding-left:0.51rem;min-height:390px;aspect-ratio:unset;\"><span aria-hidden=\"true\" class=\"wp-block-cover__background has-background-dim-0 has-background-dim\" style=\"background-color:#f0f0f0\"><\/span><img loading=\"lazy\" decoding=\"async\" width=\"2070\" height=\"1380\" class=\"wp-block-cover__image-background wp-image-42\" alt=\"\" src=\"https:\/\/eclat-co.cnita.fr\/wp-content\/uploads\/2025\/04\/photo-1588444837495-c6cfeb53f32d-2.avif\" data-object-fit=\"cover\"\/><div class=\"wp-block-cover__inner-container has-global-padding is-layout-constrained wp-container-core-cover-is-layout-1a3bd245 wp-block-cover-is-layout-constrained\">\n<h3 class=\"wp-block-heading has-text-align-center has-text-color\" style=\"color:#060606;font-size:clamp(1.507rem, 1.507rem + ((1vw - 0.2rem) * 1.824), 2.51rem);\">Colliers<\/h3>\n<\/div><\/div>\n<\/div>\n\n\n\n<div class=\"wp-block-column is-layout-flow wp-block-column-is-layout-flow\" style=\"padding-top:1rem;padding-right:0rem;padding-bottom:1rem;padding-left:0rem\">\n<div class=\"wp-block-columns is-layout-flex wp-container-core-columns-is-layout-28f84493 wp-block-columns-is-layout-flex\">\n<div class=\"wp-block-column is-layout-flow wp-block-column-is-layout-flow\" style=\"flex-basis:100%\">\n<div class=\"wp-block-cover is-light\" style=\"padding-right:0.51rem;padding-left:0.51rem;min-height:390px;aspect-ratio:unset;\"><span aria-hidden=\"true\" class=\"wp-block-cover__background has-background-dim-0 has-background-dim\" style=\"background-color:#f3ede8\"><\/span><img loading=\"lazy\" decoding=\"async\" width=\"612\" height=\"342\" class=\"wp-block-cover__image-background wp-image-43\" alt=\"\" src=\"https:\/\/eclat-co.cnita.fr\/wp-content\/uploads\/2025\/04\/istockphoto-152507223-612x612-2.jpg\" data-object-fit=\"cover\" srcset=\"https:\/\/eclat-co.cnita.fr\/wp-content\/uploads\/2025\/04\/istockphoto-152507223-612x612-2.jpg 612w, https:\/\/eclat-co.cnita.fr\/wp-content\/uploads\/2025\/04\/istockphoto-152507223-612x612-2-300x168.jpg 300w\" sizes=\"auto, (max-width: 612px) 100vw, 612px\" \/><div class=\"wp-block-cover__inner-container has-global-padding is-layout-constrained wp-container-core-cover-is-layout-1a3bd245 wp-block-cover-is-layout-constrained\">\n<p class=\"has-text-align-center has-text-color\" style=\"color:#080808;font-size:clamp(1.507rem, 1.507rem + ((1vw - 0.2rem) * 1.824), 2.51rem);\">Id\u00e9es cadeaux<\/p>\n<\/div><\/div>\n<\/div>\n<\/div>\n<\/div>\n<\/div>\n<\/div>\n<\/div><\/div>\n\n\n\n<div class=\"wp-block-cover alignfull is-light\" style=\"min-height:355px;aspect-ratio:unset;\"><span aria-hidden=\"true\" class=\"wp-block-cover__background has-background-dim-0 has-background-dim\" style=\"background-color:#a29388\"><\/span><img loading=\"lazy\" decoding=\"async\" width=\"1976\" height=\"2960\" class=\"wp-block-cover__image-background wp-image-47\" alt=\"\" src=\"https:\/\/eclat-co.cnita.fr\/wp-content\/uploads\/2025\/04\/photo-1611652022419-a9419f74343d.avif\" data-object-fit=\"cover\"\/><div class=\"wp-block-cover__inner-container has-global-padding is-layout-constrained wp-block-cover-is-layout-constrained\">\n<section class=\"wp-block-group alignfull has-global-padding is-layout-constrained wp-container-core-group-is-layout-cfb15881 wp-block-group-is-layout-constrained\" style=\"margin-top:0px;padding-top:4.01rem;padding-right:1rem;padding-bottom:5.01rem;padding-left:1rem;font-size:clamp(0.875rem, 0.875rem + ((1vw - 0.2rem) * 0.464), 1.13rem);font-style:normal;font-weight:400;line-height:1.4\">\n<div class=\"wp-block-columns is-layout-flex wp-container-core-columns-is-layout-a86bf794 wp-block-columns-is-layout-flex\" style=\"margin-bottom:0px\">\n<div class=\"wp-block-column has-global-padding is-layout-constrained wp-container-core-column-is-layout-b4ec969c wp-block-column-is-layout-constrained\" style=\"padding-top:2.01rem\">\n<div class=\"wp-block-group has-global-padding is-layout-constrained wp-container-core-group-is-layout-dca71664 wp-block-group-is-layout-constrained\" style=\"min-height:100%\">\n<p class=\"has-text-align-center has-text-color has-link-color wp-elements-55e3a0ce72604d9f8e89c744e383a829\" style=\"color:#050505\">Nos mailles pr\u00e9cieuses<\/p>\n\n\n\n<div class=\"wp-block-group is-vertical is-content-justification-stretch is-layout-flex wp-container-core-group-is-layout-53ad70e0 wp-block-group-is-layout-flex\" style=\"margin-top:1.61rem;padding-right:0px;padding-left:0px\">\n<div class=\"wp-block-group has-global-padding is-content-justification-center is-layout-constrained wp-container-core-group-is-layout-2f0bcb29 wp-block-group-is-layout-constrained\" style=\"margin-top:0px\">\n<div class=\"wp-block-buttons is-horizontal is-content-justification-right is-layout-flex wp-container-core-buttons-is-layout-099266fd wp-block-buttons-is-layout-flex\" style=\"margin-top:0.51rem\">\n<div class=\"wp-block-button has-custom-width wp-block-button__width-100 has-custom-font-size is-style-fill\" style=\"font-size:clamp(0.875rem, 0.875rem + ((1vw - 0.2rem) * 0.245), 1.01rem);font-style:normal;font-weight:600;line-height:1.5;text-transform:uppercase\"><a class=\"wp-block-button__link has-text-color has-background wp-element-button\" style=\"border-style:none;border-width:0px;border-radius:0rem;color:#070707;background-color:#fffffd;padding-top:0.71rem;padding-right:0.31rem;padding-bottom:0.71rem;padding-left:0.31rem\">decouvri<\/a><\/div>\n<\/div>\n<\/div>\n<\/div>\n<\/div>\n<\/div>\n\n\n\n<div class=\"wp-block-column is-vertically-aligned-center is-layout-flow wp-block-column-is-layout-flow\" style=\"padding-right:1rem;padding-left:1rem;flex-basis:40%\">\n<figure class=\"wp-block-image aligncenter size-full\"><img loading=\"lazy\" decoding=\"async\" width=\"1976\" height=\"2960\" src=\"https:\/\/eclat-co.cnita.fr\/wp-content\/uploads\/2025\/04\/photo-1611652022419-a9419f74343d-1.avif\" alt=\"\" class=\"wp-image-48\"\/><\/figure>\n<\/div>\n<\/div>\n<\/section>\n<\/div><\/div>\n\n\n\n<div class=\"wp-block-group alignfull has-global-padding is-layout-constrained wp-container-core-group-is-layout-6c6e7e04 wp-block-group-is-layout-constrained\" style=\"margin-top:0;margin-bottom:0;padding-top:5.51rem;padding-right:2rem;padding-bottom:3rem;padding-left:2rem\">\n<div class=\"wp-block-group alignwide has-global-padding is-layout-constrained wp-block-group-is-layout-constrained\" style=\"margin-top:1.01rem\">\n<div class=\"wp-block-columns alignwide is-layout-flex wp-container-core-columns-is-layout-c8164556 wp-block-columns-is-layout-flex\">\n<div class=\"wp-block-column has-global-padding is-content-justification-center is-layout-constrained wp-container-core-column-is-layout-412b4476 wp-block-column-is-layout-constrained\" style=\"padding-bottom:2rem\">\n<div class=\"wp-block-group alignfull has-global-padding is-layout-constrained wp-container-core-group-is-layout-d47d106a wp-block-group-is-layout-constrained\">\n<figure class=\"wp-block-image aligncenter size-full is-resized has-custom-border\"><img loading=\"lazy\" decoding=\"async\" width=\"640\" height=\"427\" src=\"https:\/\/eclat-co.cnita.fr\/wp-content\/uploads\/2025\/04\/alliances-1619392_640-1.jpg\" alt=\"\" class=\"wp-image-50\" style=\"border-radius:16px;width:400px\" srcset=\"https:\/\/eclat-co.cnita.fr\/wp-content\/uploads\/2025\/04\/alliances-1619392_640-1.jpg 640w, https:\/\/eclat-co.cnita.fr\/wp-content\/uploads\/2025\/04\/alliances-1619392_640-1-300x200.jpg 300w\" sizes=\"auto, (max-width: 640px) 100vw, 640px\" \/><\/figure>\n\n\n\n<h6 class=\"wp-block-heading has-text-align-left has-text-color has-hedvig-letters-serif-regular-font-family\" style=\"color:#242925;font-size:clamp(0.875rem, 0.875rem + ((1vw - 0.2rem) * 0.664), 1.24rem);line-height:1.4;text-decoration:none;text-transform:capitalize\">nos alliances<\/h6>\n<\/div>\n<\/div>\n\n\n\n<div class=\"wp-block-column has-global-padding is-layout-constrained wp-container-core-column-is-layout-a3af4fe5 wp-block-column-is-layout-constrained\" style=\"padding-bottom:2rem\">\n<div class=\"wp-block-group alignfull has-global-padding is-layout-constrained wp-container-core-group-is-layout-d47d106a wp-block-group-is-layout-constrained\">\n<figure class=\"wp-block-image aligncenter size-full is-resized has-custom-border\"><img loading=\"lazy\" decoding=\"async\" width=\"2048\" height=\"1363\" src=\"https:\/\/eclat-co.cnita.fr\/wp-content\/uploads\/2025\/04\/istockphoto-646308814-2048x2048-1.jpg\" alt=\"\" class=\"wp-image-58\" style=\"border-radius:16px;width:400px\" srcset=\"https:\/\/eclat-co.cnita.fr\/wp-content\/uploads\/2025\/04\/istockphoto-646308814-2048x2048-1.jpg 2048w, https:\/\/eclat-co.cnita.fr\/wp-content\/uploads\/2025\/04\/istockphoto-646308814-2048x2048-1-300x200.jpg 300w, https:\/\/eclat-co.cnita.fr\/wp-content\/uploads\/2025\/04\/istockphoto-646308814-2048x2048-1-1024x682.jpg 1024w, https:\/\/eclat-co.cnita.fr\/wp-content\/uploads\/2025\/04\/istockphoto-646308814-2048x2048-1-768x511.jpg 768w, https:\/\/eclat-co.cnita.fr\/wp-content\/uploads\/2025\/04\/istockphoto-646308814-2048x2048-1-1536x1022.jpg 1536w\" sizes=\"auto, (max-width: 2048px) 100vw, 2048px\" \/><figcaption class=\"wp-element-caption\"><br>Montres<\/figcaption><\/figure>\n\n\n\n<h6 class=\"wp-block-heading has-text-align-left has-text-color has-hedvig-letters-serif-regular-font-family\" style=\"color:#242925;font-size:clamp(0.875rem, 0.875rem + ((1vw - 0.2rem) * 0.664), 1.24rem);line-height:1.4;text-decoration:none;text-transform:capitalize\"><\/h6>\n<\/div>\n<\/div>\n\n\n\n<div class=\"wp-block-column has-global-padding is-content-justification-center is-layout-constrained wp-container-core-column-is-layout-412b4476 wp-block-column-is-layout-constrained\" style=\"padding-bottom:2rem\">\n<div class=\"wp-block-group alignfull has-global-padding is-layout-constrained wp-container-core-group-is-layout-d47d106a wp-block-group-is-layout-constrained\">\n<figure class=\"wp-block-image aligncenter size-full is-resized has-custom-border\"><img loading=\"lazy\" decoding=\"async\" width=\"612\" height=\"408\" src=\"https:\/\/eclat-co.cnita.fr\/wp-content\/uploads\/2025\/04\/image.jpeg\" alt=\"Belle hu\u00eetre coquille vide de perles\" class=\"wp-image-59\" style=\"border-radius:16px;width:400px\" srcset=\"https:\/\/eclat-co.cnita.fr\/wp-content\/uploads\/2025\/04\/image.jpeg 612w, https:\/\/eclat-co.cnita.fr\/wp-content\/uploads\/2025\/04\/image-300x200.jpeg 300w\" sizes=\"auto, (max-width: 612px) 100vw, 612px\" \/><figcaption class=\"wp-element-caption\"><br>Nos colliers perle<\/figcaption><\/figure>\n\n\n\n<h6 class=\"wp-block-heading has-text-align-left has-text-color has-hedvig-letters-serif-regular-font-family\" style=\"color:#242925;font-size:clamp(0.875rem, 0.875rem + ((1vw - 0.2rem) * 0.664), 1.24rem);line-height:1.4;text-decoration:none;text-transform:capitalize\"><\/h6>\n<\/div>\n<\/div>\n<\/div>\n<\/div>\n<\/div>\n\n\n\n<p class=\"has-medium-font-size\">                                             <strong>Bijouteries en ligne Eclat &amp; Co<\/strong><\/p>\n\n\n\n<p>Cette bijouterie artisanale cr\u00e9e des pi\u00e8ces uniques \u00e0 partir de m\u00e9taux pr\u00e9cieux recycl\u00e9s et de pierres \u00e9thiquement sourc\u00e9es. Chaque bijou est fabriqu\u00e9 \u00e0 la main avec un souci du d\u00e9tail et un savoir-faire d&rsquo;exception. L&rsquo;atelier propose aussi des cr\u00e9ations sur commande pour des \u00e9v\u00e9nements particuliers (mariage, fian\u00e7ailles, anniversaires).<\/p>\n\n\n\n<p><\/p>\n","protected":false},"excerpt":{"rendered":"<p>nos alliances Bijouteries en ligne Eclat &amp; Co Cette bijouterie artisanale cr\u00e9e des pi\u00e8ces uniques \u00e0 partir de m\u00e9taux pr\u00e9cieux recycl\u00e9s et de pierres \u00e9thiquement sourc\u00e9es. Chaque bijou est fabriqu\u00e9 \u00e0 la main avec un souci du d\u00e9tail et un savoir-faire d&rsquo;exception. L&rsquo;atelier propose aussi des cr\u00e9ations sur commande pour des \u00e9v\u00e9nements particuliers (mariage, fian\u00e7ailles, [&hellip;]<\/p>\n","protected":false},"author":1,"featured_media":0,"parent":0,"menu_order":0,"comment_status":"closed","ping_status":"closed","template":"","meta":{"footnotes":""},"class_list":["post-27","page","type-page","status-publish","hentry"],"_links":{"self":[{"href":"https:\/\/eclat-co.cnita.fr\/index.php?rest_route=\/wp\/v2\/pages\/27","targetHints":{"allow":["GET"]}}],"collection":[{"href":"https:\/\/eclat-co.cnita.fr\/index.php?rest_route=\/wp\/v2\/pages"}],"about":[{"href":"https:\/\/eclat-co.cnita.fr\/index.php?rest_route=\/wp\/v2\/types\/page"}],"author":[{"embeddable":true,"href":"https:\/\/eclat-co.cnita.fr\/index.php?rest_route=\/wp\/v2\/users\/1"}],"replies":[{"embeddable":true,"href":"https:\/\/eclat-co.cnita.fr\/index.php?rest_route=%2Fwp%2Fv2%2Fcomments&post=27"}],"version-history":[{"count":14,"href":"https:\/\/eclat-co.cnita.fr\/index.php?rest_route=\/wp\/v2\/pages\/27\/revisions"}],"predecessor-version":[{"id":79,"href":"https:\/\/eclat-co.cnita.fr\/index.php?rest_route=\/wp\/v2\/pages\/27\/revisions\/79"}],"wp:attachment":[{"href":"https:\/\/eclat-co.cnita.fr\/index.php?rest_route=%2Fwp%2Fv2%2Fmedia&parent=27"}],"curies":[{"name":"wp","href":"https:\/\/api.w.org\/{rel}","templated":true}]}}